{"id":1615,"date":"2019-05-19T22:54:55","date_gmt":"2019-05-19T20:54:55","guid":{"rendered":"https:\/\/veroholidayhomes.com\/faqs\/"},"modified":"2021-03-26T10:13:20","modified_gmt":"2021-03-26T09:13:20","slug":"faqs","status":"publish","type":"page","link":"https:\/\/veroholidayhomes.com\/no\/faqs\/","title":{"rendered":"Faqs"},"content":{"rendered":"<p>[vc_row css_animation=&#8221;&#8221; row_type=&#8221;row&#8221; use_row_as_full_screen_section=&#8221;no&#8221; type=&#8221;full_width&#8221; angled_section=&#8221;no&#8221; text_align=&#8221;left&#8221; background_image_as_pattern=&#8221;without_pattern&#8221; z_index=&#8221;&#8221; background_image=&#8221;748&#8243; padding_top=&#8221;125&#8243; padding_bottom=&#8221;125&#8243;][vc_column][\/vc_column][\/vc_row][vc_row css_animation=&#8221;&#8221; row_type=&#8221;row&#8221; use_row_as_full_screen_section=&#8221;no&#8221; type=&#8221;grid&#8221; angled_section=&#8221;no&#8221; text_align=&#8221;left&#8221; background_image_as_pattern=&#8221;without_pattern&#8221; el_class=&#8221;normas&#8221; z_index=&#8221;&#8221; css=&#8221;.vc_custom_1558300330845{padding-top: 50px !important;padding-right: 20px !important;padding-left: 20px !important;background-color: #ffffff !important;}&#8221;][vc_column][vc_column_text]<\/p>\n<h1 style=\"text-align: left;\">Ofte stilte sp\u00f8rsm\u00e5l<\/h1>\n<p>[\/vc_column_text][vc_separator type=&#8221;transparent&#8221; down=&#8221;40&#8243; thickness=&#8221;2&#8243;]<div class=\"qode-accordion-holder clearfix qode-accordion qode-initial \">\n\t<h2 class=\"clearfix qode-title-holder\">\n<span class=\"qode-tab-title\">\n\t    <span class=\"qode-tab-title-inner\">\n        Leier dere ut for langtidsleie?    <\/span>\n<\/span>\n<span class=\"qode-accordion-mark\">\n    <span class=\"qode-accordion-mark-icon\">\n        <span class=\"icon_plus\"><\/span>\n        <span class=\"icon_minus-06\"><\/span>\n    <\/span>\n<\/span>\n<\/h2>\n<div  class=\"qode-accordion-content \" >\n    <div class=\"qode-accordion-content-inner\">\n        [vc_column_text]Ja, i enkelte perioder. For mer info, send en e-post til: info@veroholidayhomes.com[\/vc_column_text]    <\/div>\n<\/div><h2 class=\"clearfix qode-title-holder\">\n<span class=\"qode-tab-title\">\n\t    <span class=\"qode-tab-title-inner\">\n        N\u00e5r mottar jeg informasjon om reservasjon?    <\/span>\n<\/span>\n<span class=\"qode-accordion-mark\">\n    <span class=\"qode-accordion-mark-icon\">\n        <span class=\"icon_plus\"><\/span>\n        <span class=\"icon_minus-06\"><\/span>\n    <\/span>\n<\/span>\n<\/h2>\n<div  class=\"qode-accordion-content \" >\n    <div class=\"qode-accordion-content-inner\">\n        [vc_column_text]I samme \u00f8yeblikk som reservasjonen er utf\u00f8rt mottar du en bekreftelse p\u00e5 e-post[\/vc_column_text]    <\/div>\n<\/div><h2 class=\"clearfix qode-title-holder\">\n<span class=\"qode-tab-title\">\n\t    <span class=\"qode-tab-title-inner\">\n        Hvilke betalingsmetoder er akseptert?    <\/span>\n<\/span>\n<span class=\"qode-accordion-mark\">\n    <span class=\"qode-accordion-mark-icon\">\n        <span class=\"icon_plus\"><\/span>\n        <span class=\"icon_minus-06\"><\/span>\n    <\/span>\n<\/span>\n<\/h2>\n<div  class=\"qode-accordion-content \" >\n    <div class=\"qode-accordion-content-inner\">\n        [vc_column_text]Betaling kan gj\u00f8res med kredittkort, debetkort eller bankoverf\u00f8ring[\/vc_column_text]    <\/div>\n<\/div><h2 class=\"clearfix qode-title-holder\">\n<span class=\"qode-tab-title\">\n\t    <span class=\"qode-tab-title-inner\">\n        Hvor henter vi n\u00f8klene til leiligheten?    <\/span>\n<\/span>\n<span class=\"qode-accordion-mark\">\n    <span class=\"qode-accordion-mark-icon\">\n        <span class=\"icon_plus\"><\/span>\n        <span class=\"icon_minus-06\"><\/span>\n    <\/span>\n<\/span>\n<\/h2>\n<div  class=\"qode-accordion-content \" >\n    <div class=\"qode-accordion-content-inner\">\n        [vc_column_text]N\u00f8klene hentes i en n\u00f8kkelboks i n\u00e6rheten av leiligheten, eller en ansatt fra Vero Holiday Homes m\u00f8ter deg ved leiligheten p\u00e5 avtalt tidspunkt for overlevering av n\u00f8klene.[\/vc_column_text]    <\/div>\n<\/div><h2 class=\"clearfix qode-title-holder\">\n<span class=\"qode-tab-title\">\n\t    <span class=\"qode-tab-title-inner\">\n        Skal det betales ett depositum?    <\/span>\n<\/span>\n<span class=\"qode-accordion-mark\">\n    <span class=\"qode-accordion-mark-icon\">\n        <span class=\"icon_plus\"><\/span>\n        <span class=\"icon_minus-06\"><\/span>\n    <\/span>\n<\/span>\n<\/h2>\n<div  class=\"qode-accordion-content \" >\n    <div class=\"qode-accordion-content-inner\">\n        [vc_column_text]Ja, ett depositum m\u00e5 betales i henhold til type leilighet. Dette blir returnert dagen etter utsjekk.[\/vc_column_text]    <\/div>\n<\/div><h2 class=\"clearfix qode-title-holder\">\n<span class=\"qode-tab-title\">\n\t    <span class=\"qode-tab-title-inner\">\n        Hvilke regler gjelder for kansellering av en booking?    <\/span>\n<\/span>\n<span class=\"qode-accordion-mark\">\n    <span class=\"qode-accordion-mark-icon\">\n        <span class=\"icon_plus\"><\/span>\n        <span class=\"icon_minus-06\"><\/span>\n    <\/span>\n<\/span>\n<\/h2>\n<div  class=\"qode-accordion-content \" >\n    <div class=\"qode-accordion-content-inner\">\n        [vc_column_text]Visst den som bestiller kansellerer minimum 30 dager f\u00f8r ankomst, betales hele forskuddsbetalingen tilbake (minus kommisjoner) Visst kanselleringen blir gjort mindre enn 30 dager f\u00f8r ankomst, beholder vi 50% av forskuddsbetalingen.<\/p>\n<p>Unntak p\u00e5 grunn av COVID, vi har endret avbestillingsreglene under pandemien og Force Majeure til:<\/p>\n<ul>\n<li>Hvis kunden IKKE kan reise p\u00e5 grunn av COVID, vil 100% av det betalte bel\u00f8pet bli tilbakebetalt. (Ingen gebyrkostnader)<\/li>\n<li>Hvis reisende av grunner som ikke er knyttet til COVID kansellerer f\u00f8r 7 dager f\u00f8r ankomst til boligen, vil det innbetalte bel\u00f8pet bli returnert (minus gebyr), og hvis du avbestiller etter denne perioden, belaster vi 50% av det betalte bel\u00f8pet<\/li>\n<\/ul>\n<p>[\/vc_column_text]    <\/div>\n<\/div><h2 class=\"clearfix qode-title-holder\">\n<span class=\"qode-tab-title\">\n\t    <span class=\"qode-tab-title-inner\">\n        Hva er tidspunkt for innsjekk \/ Utsjekk?    <\/span>\n<\/span>\n<span class=\"qode-accordion-mark\">\n    <span class=\"qode-accordion-mark-icon\">\n        <span class=\"icon_plus\"><\/span>\n        <span class=\"icon_minus-06\"><\/span>\n    <\/span>\n<\/span>\n<\/h2>\n<div  class=\"qode-accordion-content \" >\n    <div class=\"qode-accordion-content-inner\">\n        [vc_column_text]Utsjekk er senest kl. 11:00 og innsjekk er etter kl. 15:00[\/vc_column_text]    <\/div>\n<\/div><h2 class=\"clearfix qode-title-holder\">\n<span class=\"qode-tab-title\">\n\t    <span class=\"qode-tab-title-inner\">\n        N\u00e5r er kundeservice tilgjengelig p\u00e5 telefon?    <\/span>\n<\/span>\n<span class=\"qode-accordion-mark\">\n    <span class=\"qode-accordion-mark-icon\">\n        <span class=\"icon_plus\"><\/span>\n        <span class=\"icon_minus-06\"><\/span>\n    <\/span>\n<\/span>\n<\/h2>\n<div  class=\"qode-accordion-content \" >\n    <div class=\"qode-accordion-content-inner\">\n        [vc_column_text]Kundeservice er tilgjengelig Mandag til Fredag fra 09:00 til 15:00 og fra 17:00 til 20:00 og 24 timer i d\u00f8gnet ved n\u00f8dsituasjoner.[\/vc_column_text]    <\/div>\n<\/div><h2 class=\"clearfix qode-title-holder\">\n<span class=\"qode-tab-title\">\n\t    <span class=\"qode-tab-title-inner\">\n        Tilleggstjenester?    <\/span>\n<\/span>\n<span class=\"qode-accordion-mark\">\n    <span class=\"qode-accordion-mark-icon\">\n        <span class=\"icon_plus\"><\/span>\n        <span class=\"icon_minus-06\"><\/span>\n    <\/span>\n<\/span>\n<\/h2>\n<div  class=\"qode-accordion-content \" >\n    <div class=\"qode-accordion-content-inner\">\n        [vc_column_text]Reiseseng for barn 5\u20ac \/ d\u00f8gn<br \/>\nBarnestol 5\u20ac \/ d\u00f8gn[\/vc_column_text]    <\/div>\n<\/div><h2 class=\"clearfix qode-title-holder\">\n<span class=\"qode-tab-title\">\n\t    <span class=\"qode-tab-title-inner\">\n        Er det ett rengj\u00f8ringsgebyr?    <\/span>\n<\/span>\n<span class=\"qode-accordion-mark\">\n    <span class=\"qode-accordion-mark-icon\">\n        <span class=\"icon_plus\"><\/span>\n        <span class=\"icon_minus-06\"><\/span>\n    <\/span>\n<\/span>\n<\/h2>\n<div  class=\"qode-accordion-content \" >\n    <div class=\"qode-accordion-content-inner\">\n        [vc_column_text]Ja, utvask kommer i tillegg i henhold til type leilighet.<\/p>\n<p>[\/vc_column_text]    <\/div>\n<\/div><h2 class=\"clearfix qode-title-holder\">\n<span class=\"qode-tab-title\">\n\t    <span class=\"qode-tab-title-inner\">\n        Har dere spesialtilbud for grupper?    <\/span>\n<\/span>\n<span class=\"qode-accordion-mark\">\n    <span class=\"qode-accordion-mark-icon\">\n        <span class=\"icon_plus\"><\/span>\n        <span class=\"icon_minus-06\"><\/span>\n    <\/span>\n<\/span>\n<\/h2>\n<div  class=\"qode-accordion-content \" >\n    <div class=\"qode-accordion-content-inner\">\n        [vc_column_text]Ja, fra 12 personer og opp har vi spesialtilbud. For mer informasjon, send en e-post til\u00a0info@veroholidayhomes.com[\/vc_column_text]    <\/div>\n<\/div><h2 class=\"clearfix qode-title-holder\">\n<span class=\"qode-tab-title\">\n\t    <span class=\"qode-tab-title-inner\">\n        Er kj\u00e6ledyr tillatt?    <\/span>\n<\/span>\n<span class=\"qode-accordion-mark\">\n    <span class=\"qode-accordion-mark-icon\">\n        <span class=\"icon_plus\"><\/span>\n        <span class=\"icon_minus-06\"><\/span>\n    <\/span>\n<\/span>\n<\/h2>\n<div  class=\"qode-accordion-content \" >\n    <div class=\"qode-accordion-content-inner\">\n        [vc_column_text]Kj\u00e6ledyr er dessverre ikke tillatt inne i leilighetene. Vi beklager, men noen av gjestene v\u00e5re er allergiske mot dyr s\u00e5 vi kan ikke akseptere dyr.[\/vc_column_text]    <\/div>\n<\/div><h2 class=\"clearfix qode-title-holder\">\n<span class=\"qode-tab-title\">\n\t    <span class=\"qode-tab-title-inner\">\n        Er r\u00f8yking tillatt?    <\/span>\n<\/span>\n<span class=\"qode-accordion-mark\">\n    <span class=\"qode-accordion-mark-icon\">\n        <span class=\"icon_plus\"><\/span>\n        <span class=\"icon_minus-06\"><\/span>\n    <\/span>\n<\/span>\n<\/h2>\n<div  class=\"qode-accordion-content \" >\n    <div class=\"qode-accordion-content-inner\">\n        [vc_column_text]R\u00f8yking er kun tillatt utend\u00f8rs, p\u00e5 terrasser og balkonger. Inne i leiligheten er r\u00f8yking ikke tillatt.[\/vc_column_text]    <\/div>\n<\/div><h2 class=\"clearfix qode-title-holder\">\n<span class=\"qode-tab-title\">\n\t    <span class=\"qode-tab-title-inner\">\n        Er senget\u00f8y og h\u00e5ndduker inkludert?    <\/span>\n<\/span>\n<span class=\"qode-accordion-mark\">\n    <span class=\"qode-accordion-mark-icon\">\n        <span class=\"icon_plus\"><\/span>\n        <span class=\"icon_minus-06\"><\/span>\n    <\/span>\n<\/span>\n<\/h2>\n<div  class=\"qode-accordion-content \" >\n    <div class=\"qode-accordion-content-inner\">\n        [vc_column_text]Ja, alle leilighetene har senget\u00f8y og h\u00e5ndduker inkludert i leien.[\/vc_column_text]    <\/div>\n<\/div><h2 class=\"clearfix qode-title-holder\">\n<span class=\"qode-tab-title\">\n\t    <span class=\"qode-tab-title-inner\">\n        Er det heis?    <\/span>\n<\/span>\n<span class=\"qode-accordion-mark\">\n    <span class=\"qode-accordion-mark-icon\">\n        <span class=\"icon_plus\"><\/span>\n        <span class=\"icon_minus-06\"><\/span>\n    <\/span>\n<\/span>\n<\/h2>\n<div  class=\"qode-accordion-content \" >\n    <div class=\"qode-accordion-content-inner\">\n        [vc_column_text]F\u00f8lgende av leilighetene i Altea 17 har heis:<br \/>\nAlek Altea17<br \/>\nAzul Altea17<br \/>\nCasco Antiguo Altea17<br \/>\nAtico Altea17[\/vc_column_text]    <\/div>\n<\/div><\/div>[\/vc_column][\/vc_row][vc_row css_animation=&#8221;&#8221; row_type=&#8221;row&#8221; use_row_as_full_screen_section=&#8221;no&#8221; type=&#8221;full_width&#8221; angled_section=&#8221;no&#8221; text_align=&#8221;left&#8221; background_image_as_pattern=&#8221;without_pattern&#8221; css=&#8221;.vc_custom_1558301028705{margin-top: 20px !important;margin-bottom: 20px !important;padding-right: 0px !important;padding-left: 0px !important;}&#8221; z_index=&#8221;&#8221;][vc_column]<div class=\"call_to_action normal\" style=\"background-color: #f3f4f7;\"><div class=\"container_inner\"><div class=\"two_columns_75_25 clearfix\"><div class=\"text_wrapper column1\"><div class=\"call_to_action_text \" style=\"\">\n<p style=\"color: #303030;\">For andre sp\u00f8rsm\u00e5l eller om det er noe du lurer p\u00e5, ikke n\u00f8l med \u00e5 ta kontakt med oss<\/p>\n<\/div><\/div><div class=\"button_wrapper column2\"><a itemprop=\"url\" href=\"\/kontakt\/\" class=\"qbutton white \" target=\"\" style=\"color: #ffffff;background-color: #acc7e7;\"data-hover-background-color=#acc7e7 data-hover-color=#ffffff>Kontakt<\/a><\/div><\/div><\/div><\/div>[\/vc_column][\/vc_row]<\/p>\n","protected":false},"excerpt":{"rendered":"<p>[vc_row css_animation=&#8221;&#8221; row_type=&#8221;row&#8221; use_row_as_full_screen_section=&#8221;no&#8221; type=&#8221;full_width&#8221; angled_section=&#8221;no&#8221; text_align=&#8221;left&#8221; background_image_as_pattern=&#8221;without_pattern&#8221; z_index=&#8221;&#8221; background_image=&#8221;748&#8243; padding_top=&#8221;125&#8243; padding_bottom=&#8221;125&#8243;][vc_column][\/vc_column][\/vc_row][vc_row css_animation=&#8221;&#8221; row_type=&#8221;row&#8221; use_row_as_full_screen_section=&#8221;no&#8221; type=&#8221;grid&#8221; angled_section=&#8221;no&#8221; text_align=&#8221;left&#8221; background_image_as_pattern=&#8221;without_pattern&#8221; el_class=&#8221;normas&#8221; z_index=&#8221;&#8221; css=&#8221;.vc_custom_1558300330845{padding-top: 50px !important;padding-right: 20px !important;padding-left: 20px !important;background-color: #ffffff !important;}&#8221;][vc_column][vc_column_text] Ofte stilte sp\u00f8rsm\u00e5l [\/vc_column_text][vc_separator type=&#8221;transparent&#8221; down=&#8221;40&#8243; thickness=&#8221;2&#8243;][\/vc_column][\/vc_row][vc_row css_animation=&#8221;&#8221; row_type=&#8221;row&#8221; use_row_as_full_screen_section=&#8221;no&#8221; type=&#8221;full_width&#8221; angled_section=&#8221;no&#8221; text_align=&#8221;left&#8221; background_image_as_pattern=&#8221;without_pattern&#8221; css=&#8221;.vc_custom_1558301028705{margin-top:&#8230;<\/p>\n","protected":false},"author":1,"featured_media":0,"parent":0,"menu_order":0,"comment_status":"closed","ping_status":"closed","template":"full_width.php","meta":{"_acf_changed":false,"footnotes":""},"class_list":["post-1615","page","type-page","status-publish","hentry"],"acf":[],"yoast_head":"<!-- This site is optimized with the Yoast SEO plugin v27.4 - https:\/\/yoast.com\/product\/yoast-seo-wordpress\/ -->\n<title>Preguntas Frecuentes | Vero Holiday Homes<\/title>\n<meta name=\"description\" content=\"Preguntas Frecuentes | Vero Holiday Homes\" \/>\n<meta name=\"robots\" content=\"index, follow, max-snippet:-1, max-image-preview:large, max-video-preview:-1\" \/>\n<link rel=\"canonical\" href=\"https:\/\/veroholidayhomes.com\/no\/faqs\/\" \/>\n<meta property=\"og:locale\" content=\"nb_NO\" \/>\n<meta property=\"og:type\" content=\"article\" \/>\n<meta property=\"og:title\" content=\"Preguntas Frecuentes | Vero Holiday Homes\" \/>\n<meta property=\"og:description\" content=\"Preguntas Frecuentes | Vero Holiday Homes\" \/>\n<meta property=\"og:url\" content=\"https:\/\/veroholidayhomes.com\/no\/faqs\/\" \/>\n<meta property=\"og:site_name\" content=\"Vero Holiday Homes\" \/>\n<meta property=\"article:modified_time\" content=\"2021-03-26T09:13:20+00:00\" \/>\n<meta name=\"twitter:card\" content=\"summary_large_image\" \/>\n<meta name=\"twitter:label1\" content=\"Ansl. lesetid\" \/>\n\t<meta name=\"twitter:data1\" content=\"4 minutter\" \/>\n<script type=\"application\/ld+json\" class=\"yoast-schema-graph\">{\"@context\":\"https:\\\/\\\/schema.org\",\"@graph\":[{\"@type\":\"WebPage\",\"@id\":\"https:\\\/\\\/veroholidayhomes.com\\\/no\\\/faqs\\\/\",\"url\":\"https:\\\/\\\/veroholidayhomes.com\\\/no\\\/faqs\\\/\",\"name\":\"Preguntas Frecuentes | Vero Holiday Homes\",\"isPartOf\":{\"@id\":\"https:\\\/\\\/veroholidayhomes.com\\\/#website\"},\"datePublished\":\"2019-05-19T20:54:55+00:00\",\"dateModified\":\"2021-03-26T09:13:20+00:00\",\"description\":\"Preguntas Frecuentes | Vero Holiday Homes\",\"breadcrumb\":{\"@id\":\"https:\\\/\\\/veroholidayhomes.com\\\/no\\\/faqs\\\/#breadcrumb\"},\"inLanguage\":\"nb-NO\",\"potentialAction\":[{\"@type\":\"ReadAction\",\"target\":[\"https:\\\/\\\/veroholidayhomes.com\\\/no\\\/faqs\\\/\"]}]},{\"@type\":\"BreadcrumbList\",\"@id\":\"https:\\\/\\\/veroholidayhomes.com\\\/no\\\/faqs\\\/#breadcrumb\",\"itemListElement\":[{\"@type\":\"ListItem\",\"position\":1,\"name\":\"Portada\",\"item\":\"https:\\\/\\\/veroholidayhomes.com\\\/no\\\/\"},{\"@type\":\"ListItem\",\"position\":2,\"name\":\"Faqs\"}]},{\"@type\":\"WebSite\",\"@id\":\"https:\\\/\\\/veroholidayhomes.com\\\/#website\",\"url\":\"https:\\\/\\\/veroholidayhomes.com\\\/\",\"name\":\"Vero Holiday Homes\",\"description\":\"Leiligheter for ferieutleie\",\"potentialAction\":[{\"@type\":\"SearchAction\",\"target\":{\"@type\":\"EntryPoint\",\"urlTemplate\":\"https:\\\/\\\/veroholidayhomes.com\\\/?s={search_term_string}\"},\"query-input\":{\"@type\":\"PropertyValueSpecification\",\"valueRequired\":true,\"valueName\":\"search_term_string\"}}],\"inLanguage\":\"nb-NO\"}]}<\/script>\n<!-- \/ Yoast SEO plugin. -->","yoast_head_json":{"title":"Preguntas Frecuentes | Vero Holiday Homes","description":"Preguntas Frecuentes | Vero Holiday Homes","robots":{"index":"index","follow":"follow","max-snippet":"max-snippet:-1","max-image-preview":"max-image-preview:large","max-video-preview":"max-video-preview:-1"},"canonical":"https:\/\/veroholidayhomes.com\/no\/faqs\/","og_locale":"nb_NO","og_type":"article","og_title":"Preguntas Frecuentes | Vero Holiday Homes","og_description":"Preguntas Frecuentes | Vero Holiday Homes","og_url":"https:\/\/veroholidayhomes.com\/no\/faqs\/","og_site_name":"Vero Holiday Homes","article_modified_time":"2021-03-26T09:13:20+00:00","twitter_card":"summary_large_image","twitter_misc":{"Ansl. lesetid":"4 minutter"},"schema":{"@context":"https:\/\/schema.org","@graph":[{"@type":"WebPage","@id":"https:\/\/veroholidayhomes.com\/no\/faqs\/","url":"https:\/\/veroholidayhomes.com\/no\/faqs\/","name":"Preguntas Frecuentes | Vero Holiday Homes","isPartOf":{"@id":"https:\/\/veroholidayhomes.com\/#website"},"datePublished":"2019-05-19T20:54:55+00:00","dateModified":"2021-03-26T09:13:20+00:00","description":"Preguntas Frecuentes | Vero Holiday Homes","breadcrumb":{"@id":"https:\/\/veroholidayhomes.com\/no\/faqs\/#breadcrumb"},"inLanguage":"nb-NO","potentialAction":[{"@type":"ReadAction","target":["https:\/\/veroholidayhomes.com\/no\/faqs\/"]}]},{"@type":"BreadcrumbList","@id":"https:\/\/veroholidayhomes.com\/no\/faqs\/#breadcrumb","itemListElement":[{"@type":"ListItem","position":1,"name":"Portada","item":"https:\/\/veroholidayhomes.com\/no\/"},{"@type":"ListItem","position":2,"name":"Faqs"}]},{"@type":"WebSite","@id":"https:\/\/veroholidayhomes.com\/#website","url":"https:\/\/veroholidayhomes.com\/","name":"Vero Holiday Homes","description":"Leiligheter for ferieutleie","potentialAction":[{"@type":"SearchAction","target":{"@type":"EntryPoint","urlTemplate":"https:\/\/veroholidayhomes.com\/?s={search_term_string}"},"query-input":{"@type":"PropertyValueSpecification","valueRequired":true,"valueName":"search_term_string"}}],"inLanguage":"nb-NO"}]}},"_links":{"self":[{"href":"https:\/\/veroholidayhomes.com\/no\/wp-json\/wp\/v2\/pages\/1615","targetHints":{"allow":["GET"]}}],"collection":[{"href":"https:\/\/veroholidayhomes.com\/no\/wp-json\/wp\/v2\/pages"}],"about":[{"href":"https:\/\/veroholidayhomes.com\/no\/wp-json\/wp\/v2\/types\/page"}],"author":[{"embeddable":true,"href":"https:\/\/veroholidayhomes.com\/no\/wp-json\/wp\/v2\/users\/1"}],"replies":[{"embeddable":true,"href":"https:\/\/veroholidayhomes.com\/no\/wp-json\/wp\/v2\/comments?post=1615"}],"version-history":[{"count":17,"href":"https:\/\/veroholidayhomes.com\/no\/wp-json\/wp\/v2\/pages\/1615\/revisions"}],"predecessor-version":[{"id":4666,"href":"https:\/\/veroholidayhomes.com\/no\/wp-json\/wp\/v2\/pages\/1615\/revisions\/4666"}],"wp:attachment":[{"href":"https:\/\/veroholidayhomes.com\/no\/wp-json\/wp\/v2\/media?parent=1615"}],"curies":[{"name":"wp","href":"https:\/\/api.w.org\/{rel}","templated":true}]}}