{"id":1621,"date":"2019-05-01T20:43:09","date_gmt":"2019-05-01T18:43:09","guid":{"rendered":"https:\/\/veroholidayhomes.com\/normas-durante-su-estancia\/"},"modified":"2019-07-22T14:53:01","modified_gmt":"2019-07-22T12:53:01","slug":"normas-durante-su-estancia","status":"publish","type":"page","link":"https:\/\/veroholidayhomes.com\/no\/normas-durante-su-estancia\/","title":{"rendered":"Normas durante su estancia"},"content":{"rendered":"<p>[vc_row css_animation=&#8221;&#8221; row_type=&#8221;row&#8221; use_row_as_full_screen_section=&#8221;no&#8221; type=&#8221;full_width&#8221; angled_section=&#8221;no&#8221; text_align=&#8221;left&#8221; background_image_as_pattern=&#8221;without_pattern&#8221; z_index=&#8221;&#8221; background_image=&#8221;619&#8243; padding_top=&#8221;125&#8243; padding_bottom=&#8221;125&#8243;][vc_column][\/vc_column][\/vc_row][vc_row css_animation=&#8221;&#8221; row_type=&#8221;row&#8221; use_row_as_full_screen_section=&#8221;no&#8221; type=&#8221;grid&#8221; angled_section=&#8221;no&#8221; text_align=&#8221;left&#8221; background_image_as_pattern=&#8221;without_pattern&#8221; el_class=&#8221;normas&#8221; z_index=&#8221;&#8221; css=&#8221;.vc_custom_1558302457468{padding-top: 50px !important;}&#8221;][vc_column css=&#8221;.vc_custom_1558302471865{padding-right: 50px !important;padding-bottom: 50px !important;padding-left: 50px !important;background-color: #ffffff !important;}&#8221;][vc_column_text]<\/p>\n<h1 style=\"text-align: left;\">Husregler under oppholdet<\/h1>\n<p>[\/vc_column_text][vc_separator type=&#8221;transparent&#8221; down=&#8221;40&#8243; thickness=&#8221;2&#8243;][vc_column_text el_class=&#8221;cuerpo&#8221;]<\/p>\n<ol>\n<li style=\"text-align: justify;\">Forstyrrende, skadelig, usunn, farlig og ulovlig aktivitet er forbudt i hele bygningen.<\/li>\n<li>Portaler, trapper, inngang til bygningen, sv\u00f8mmebasseng, terrasse og hageomr\u00e5de: I disse omr\u00e5dene er det forbudt \u00e5 kaste s\u00f8ppel eller andre gjenstander, pass p\u00e5 \u00e5 ikke forverre omr\u00e5dene. Kj\u00f8ret\u00f8y, sykler eller vogner m\u00e5 ikke parkeres her. Det er heller ikke tillatt \u00e5 okkupere med m\u00f8bler eller andre uautoriserte gjenstander i fellesomr\u00e5dene.<\/li>\n<li>Forstyrring av naboene.<br \/>\nStillheten i bygningen m\u00e5 ikke endres med st\u00f8y som kan v\u00e6re irriterende for naboene. Fra kl 2300 er det ikke tillatt med aktiviteter som kan skape st\u00f8y av noe slag som kan forstyrre naboene. Fest er forbudt.<\/li>\n<li>Kj\u00e6ledyr er ikke tillatt.<\/li>\n<li>Bassenget.<br \/>\n&#8211; Kun de bl\u00e5 h\u00e5nddukene skal brukes ved bassenget.<br \/>\n&#8211; Bruk av dusj er obligatorisk f\u00f8r bruk av bassenget.<br \/>\n&#8211; Glass er forbudt. Kun bruk av plastkopper \/ Plastglass er tillatt.<br \/>\n&#8211; \u00c5pningstiden til bassenget er fra 1000 til 1500 og fra 1700 til 2100.<\/li>\n<li>Det er forbudt \u00e5 kaste s\u00f8ppel i hele bygningen. T\u00f8m s\u00f8ppelet i n\u00e6rmeste s\u00f8ppel-konteinere som finnes p\u00e5 gaten rett ved bygningen.<\/li>\n<li>R\u00f8yking er bare tillatt p\u00e5 terrassene i leilighetene. R\u00f8ying er forbudt i leilighetene og i fellesomr\u00e5dene.<\/li>\n<li>For din sikkerhet, lukk alltid inngangsd\u00f8ren.<\/li>\n<li>Vi p\u00e5tar oss intet ansvar for mistede, stj\u00e5let eller tap av personlige eiendeler som ligger i leiligheten.<\/li>\n<li>Innkvarteringskapasiteten m\u00e5 aldri overskrides. I tilfelle denne regelen ikke overholdes, har vi myndighet til \u00e5 be gjestene forlate leiligheten.<\/li>\n<\/ol>\n<p>[\/vc_column_text][vc_column_text css=&#8221;.vc_custom_1563799808599{margin-top: 30px !important;margin-bottom: 30px !important;}&#8221;]<\/p>\n<h4 style=\"text-align: center;\">Takk for at dere valgte oss<\/h4>\n<p style=\"text-align: center;\">Vi h\u00e5per at dere f\u00e5r det komfortabelt i v\u00e5r leilighet og at dere f\u00e5r en flott ferie.<\/p>\n<p>[\/vc_column_text][\/vc_column][\/vc_row][vc_row css_animation=&#8221;&#8221; row_type=&#8221;row&#8221; use_row_as_full_screen_section=&#8221;no&#8221; type=&#8221;full_width&#8221; angled_section=&#8221;no&#8221; text_align=&#8221;left&#8221; background_image_as_pattern=&#8221;without_pattern&#8221;][vc_column][vc_empty_space height=&#8221;120px&#8221;][\/vc_column][\/vc_row]<\/p>\n","protected":false},"excerpt":{"rendered":"<p>[vc_row css_animation=&#8221;&#8221; row_type=&#8221;row&#8221; use_row_as_full_screen_section=&#8221;no&#8221; type=&#8221;full_width&#8221; angled_section=&#8221;no&#8221; text_align=&#8221;left&#8221; background_image_as_pattern=&#8221;without_pattern&#8221; z_index=&#8221;&#8221; background_image=&#8221;619&#8243; padding_top=&#8221;125&#8243; padding_bottom=&#8221;125&#8243;][vc_column][\/vc_column][\/vc_row][vc_row css_animation=&#8221;&#8221; row_type=&#8221;row&#8221; use_row_as_full_screen_section=&#8221;no&#8221; type=&#8221;grid&#8221; angled_section=&#8221;no&#8221; text_align=&#8221;left&#8221; background_image_as_pattern=&#8221;without_pattern&#8221; el_class=&#8221;normas&#8221; z_index=&#8221;&#8221; css=&#8221;.vc_custom_1558302457468{padding-top: 50px !important;}&#8221;][vc_column css=&#8221;.vc_custom_1558302471865{padding-right: 50px !important;padding-bottom: 50px !important;padding-left: 50px !important;background-color: #ffffff !important;}&#8221;][vc_column_text] Husregler under oppholdet [\/vc_column_text][vc_separator type=&#8221;transparent&#8221; down=&#8221;40&#8243; thickness=&#8221;2&#8243;][vc_column_text el_class=&#8221;cuerpo&#8221;] Forstyrrende, skadelig, usunn, farlig&#8230;<\/p>\n","protected":false},"author":1,"featured_media":0,"parent":0,"menu_order":0,"comment_status":"closed","ping_status":"closed","template":"full_width.php","meta":{"_acf_changed":false,"footnotes":""},"class_list":["post-1621","page","type-page","status-publish","hentry"],"acf":[],"yoast_head":"<!-- This site is optimized with the Yoast SEO plugin v27.4 - https:\/\/yoast.com\/product\/yoast-seo-wordpress\/ -->\n<title>Normas durante su estancia | Vero Holiday Homes<\/title>\n<meta name=\"description\" content=\"Normas durante su estancia | Vero Holiday Homes\" \/>\n<meta name=\"robots\" content=\"index, follow, max-snippet:-1, max-image-preview:large, max-video-preview:-1\" \/>\n<link rel=\"canonical\" href=\"https:\/\/veroholidayhomes.com\/no\/normas-durante-su-estancia\/\" \/>\n<meta property=\"og:locale\" content=\"nb_NO\" \/>\n<meta property=\"og:type\" content=\"article\" \/>\n<meta property=\"og:title\" content=\"Normas durante su estancia | Vero Holiday Homes\" \/>\n<meta property=\"og:description\" content=\"Normas durante su estancia | Vero Holiday Homes\" \/>\n<meta property=\"og:url\" content=\"https:\/\/veroholidayhomes.com\/no\/normas-durante-su-estancia\/\" \/>\n<meta property=\"og:site_name\" content=\"Vero Holiday Homes\" \/>\n<meta property=\"article:modified_time\" content=\"2019-07-22T12:53:01+00:00\" \/>\n<meta name=\"twitter:card\" content=\"summary_large_image\" \/>\n<meta name=\"twitter:label1\" content=\"Ansl. lesetid\" \/>\n\t<meta name=\"twitter:data1\" content=\"2 minutter\" \/>\n<script type=\"application\/ld+json\" class=\"yoast-schema-graph\">{\"@context\":\"https:\\\/\\\/schema.org\",\"@graph\":[{\"@type\":\"WebPage\",\"@id\":\"https:\\\/\\\/veroholidayhomes.com\\\/no\\\/normas-durante-su-estancia\\\/\",\"url\":\"https:\\\/\\\/veroholidayhomes.com\\\/no\\\/normas-durante-su-estancia\\\/\",\"name\":\"Normas durante su estancia | Vero Holiday Homes\",\"isPartOf\":{\"@id\":\"https:\\\/\\\/veroholidayhomes.com\\\/#website\"},\"datePublished\":\"2019-05-01T18:43:09+00:00\",\"dateModified\":\"2019-07-22T12:53:01+00:00\",\"description\":\"Normas durante su estancia | Vero Holiday Homes\",\"breadcrumb\":{\"@id\":\"https:\\\/\\\/veroholidayhomes.com\\\/no\\\/normas-durante-su-estancia\\\/#breadcrumb\"},\"inLanguage\":\"nb-NO\",\"potentialAction\":[{\"@type\":\"ReadAction\",\"target\":[\"https:\\\/\\\/veroholidayhomes.com\\\/no\\\/normas-durante-su-estancia\\\/\"]}]},{\"@type\":\"BreadcrumbList\",\"@id\":\"https:\\\/\\\/veroholidayhomes.com\\\/no\\\/normas-durante-su-estancia\\\/#breadcrumb\",\"itemListElement\":[{\"@type\":\"ListItem\",\"position\":1,\"name\":\"Portada\",\"item\":\"https:\\\/\\\/veroholidayhomes.com\\\/no\\\/\"},{\"@type\":\"ListItem\",\"position\":2,\"name\":\"Normas durante su estancia\"}]},{\"@type\":\"WebSite\",\"@id\":\"https:\\\/\\\/veroholidayhomes.com\\\/#website\",\"url\":\"https:\\\/\\\/veroholidayhomes.com\\\/\",\"name\":\"Vero Holiday Homes\",\"description\":\"Leiligheter for ferieutleie\",\"potentialAction\":[{\"@type\":\"SearchAction\",\"target\":{\"@type\":\"EntryPoint\",\"urlTemplate\":\"https:\\\/\\\/veroholidayhomes.com\\\/?s={search_term_string}\"},\"query-input\":{\"@type\":\"PropertyValueSpecification\",\"valueRequired\":true,\"valueName\":\"search_term_string\"}}],\"inLanguage\":\"nb-NO\"}]}<\/script>\n<!-- \/ Yoast SEO plugin. -->","yoast_head_json":{"title":"Normas durante su estancia | Vero Holiday Homes","description":"Normas durante su estancia | Vero Holiday Homes","robots":{"index":"index","follow":"follow","max-snippet":"max-snippet:-1","max-image-preview":"max-image-preview:large","max-video-preview":"max-video-preview:-1"},"canonical":"https:\/\/veroholidayhomes.com\/no\/normas-durante-su-estancia\/","og_locale":"nb_NO","og_type":"article","og_title":"Normas durante su estancia | Vero Holiday Homes","og_description":"Normas durante su estancia | Vero Holiday Homes","og_url":"https:\/\/veroholidayhomes.com\/no\/normas-durante-su-estancia\/","og_site_name":"Vero Holiday Homes","article_modified_time":"2019-07-22T12:53:01+00:00","twitter_card":"summary_large_image","twitter_misc":{"Ansl. lesetid":"2 minutter"},"schema":{"@context":"https:\/\/schema.org","@graph":[{"@type":"WebPage","@id":"https:\/\/veroholidayhomes.com\/no\/normas-durante-su-estancia\/","url":"https:\/\/veroholidayhomes.com\/no\/normas-durante-su-estancia\/","name":"Normas durante su estancia | Vero Holiday Homes","isPartOf":{"@id":"https:\/\/veroholidayhomes.com\/#website"},"datePublished":"2019-05-01T18:43:09+00:00","dateModified":"2019-07-22T12:53:01+00:00","description":"Normas durante su estancia | Vero Holiday Homes","breadcrumb":{"@id":"https:\/\/veroholidayhomes.com\/no\/normas-durante-su-estancia\/#breadcrumb"},"inLanguage":"nb-NO","potentialAction":[{"@type":"ReadAction","target":["https:\/\/veroholidayhomes.com\/no\/normas-durante-su-estancia\/"]}]},{"@type":"BreadcrumbList","@id":"https:\/\/veroholidayhomes.com\/no\/normas-durante-su-estancia\/#breadcrumb","itemListElement":[{"@type":"ListItem","position":1,"name":"Portada","item":"https:\/\/veroholidayhomes.com\/no\/"},{"@type":"ListItem","position":2,"name":"Normas durante su estancia"}]},{"@type":"WebSite","@id":"https:\/\/veroholidayhomes.com\/#website","url":"https:\/\/veroholidayhomes.com\/","name":"Vero Holiday Homes","description":"Leiligheter for ferieutleie","potentialAction":[{"@type":"SearchAction","target":{"@type":"EntryPoint","urlTemplate":"https:\/\/veroholidayhomes.com\/?s={search_term_string}"},"query-input":{"@type":"PropertyValueSpecification","valueRequired":true,"valueName":"search_term_string"}}],"inLanguage":"nb-NO"}]}},"_links":{"self":[{"href":"https:\/\/veroholidayhomes.com\/no\/wp-json\/wp\/v2\/pages\/1621","targetHints":{"allow":["GET"]}}],"collection":[{"href":"https:\/\/veroholidayhomes.com\/no\/wp-json\/wp\/v2\/pages"}],"about":[{"href":"https:\/\/veroholidayhomes.com\/no\/wp-json\/wp\/v2\/types\/page"}],"author":[{"embeddable":true,"href":"https:\/\/veroholidayhomes.com\/no\/wp-json\/wp\/v2\/users\/1"}],"replies":[{"embeddable":true,"href":"https:\/\/veroholidayhomes.com\/no\/wp-json\/wp\/v2\/comments?post=1621"}],"version-history":[{"count":3,"href":"https:\/\/veroholidayhomes.com\/no\/wp-json\/wp\/v2\/pages\/1621\/revisions"}],"predecessor-version":[{"id":1765,"href":"https:\/\/veroholidayhomes.com\/no\/wp-json\/wp\/v2\/pages\/1621\/revisions\/1765"}],"wp:attachment":[{"href":"https:\/\/veroholidayhomes.com\/no\/wp-json\/wp\/v2\/media?parent=1621"}],"curies":[{"name":"wp","href":"https:\/\/api.w.org\/{rel}","templated":true}]}}