{"id":1622,"date":"2019-05-01T20:34:32","date_gmt":"2019-05-01T18:34:32","guid":{"rendered":"https:\/\/veroholidayhomes.com\/politica-privacidad\/"},"modified":"2024-01-06T12:17:06","modified_gmt":"2024-01-06T11:17:06","slug":"personvernspolitikk","status":"publish","type":"page","link":"https:\/\/veroholidayhomes.com\/no\/personvernspolitikk\/","title":{"rendered":"Personvernspolitikk"},"content":{"rendered":"<p>[vc_row css_animation=&#8221;&#8221; row_type=&#8221;row&#8221; use_row_as_full_screen_section=&#8221;no&#8221; type=&#8221;full_width&#8221; angled_section=&#8221;no&#8221; text_align=&#8221;left&#8221; background_image_as_pattern=&#8221;without_pattern&#8221; z_index=&#8221;&#8221;][vc_column el_id=&#8221;contenido&#8221;][vc_column_text]<\/p>\n<h2>1 IDENTIFIKASJON<\/h2>\n<p>[\/vc_column_text][vc_empty_space height=&#8221;12px&#8221;][vc_column_text]Innehaver: Vero Spain S.L. (heretter kalt &#8220;Registranten&#8221;)<br \/>\nRegistrert konto: C\/ Mar de Alboran 8, Urb. El Tossal La Nuc\u00eda, 03530 Alicante, Espania<br \/>\nID: B54948070<br \/>\nE-post: velia@veroholidayhomes.com<br \/>\nTelefon: +34 655 616 465<br \/>\nEGVT-1168-A[\/vc_column_text][vc_column_text css=&#8221;.vc_custom_1704539507380{margin-top: 50px !important;margin-bottom: 12px !important;}&#8221;]<\/p>\n<h2>2 INFORMASJON OG SAMTYKKE<\/h2>\n<p>[\/vc_column_text][vc_column_text]I samsvar med bestemmelsene i EU-forordning 679\/2015 om databeskyttelse gir brukeren (heretter kalt &#8220;brukeren&#8221;) ved \u00e5 godta denne personvernerkl\u00e6ringen et informert, uttrykkelig, fritt og utvetydig samtykke til at personopplysningene som samles inn via nettstedet veroholidayhomes.com (heretter kalt &#8220;nettstedet&#8221;), behandles av TIULAR i samsvar med bestemmelsene i denne personvernerkl\u00e6ringen.<\/p>\n<p>Alle personopplysninger som brukeren blir bedt om \u00e5 oppgi p\u00e5 nettstedet, er obligatoriske, og det er ikke mulig \u00e5 f\u00e5 tilgang til eller registrere seg p\u00e5 nettstedet hvis disse opplysningene ikke oppgis.<\/p>\n<p>P\u00e5 samme m\u00e5te, n\u00e5r personopplysninger samles inn gjennom skjemaer som kan oppgis p\u00e5 nettstedet i l\u00f8pet av dets aktivitet, vil det v\u00e6re n\u00f8dvendig for brukeren \u00e5 oppgi minst de som er merket med en stjerne, siden hvis disse dataene, som anses som n\u00f8dvendige, ikke oppgis, vil vi ikke kunne levere tjenesten til brukeren via nettstedet.<\/p>\n<p>Brukeren garanterer at personopplysningene som oppgis til TIULAR er sanne og n\u00f8yaktige, og TIULAR skal ikke holdes ansvarlig for hendelser som oppst\u00e5r som f\u00f8lge av un\u00f8yaktighet eller falskhet i informasjonen som oppgis av brukerne.<\/p>\n<p>Brukeren, som eneste behandlingsansvarlig, er ansvarlig for \u00e5 overholde alle gjeldende databeskyttelsesforskrifter. Videre forplikter brukeren seg til \u00e5 innhente alle lovp\u00e5lagte samtykker, autorisasjoner og\/eller godkjenninger f\u00f8r personopplysninger legges inn p\u00e5 nettstedet eller f\u00f8r nettstedet tas i bruk.[\/vc_column_text][vc_column_text css=&#8221;.vc_custom_1704539571821{margin-top: 50px !important;margin-bottom: 12px !important;}&#8221;]<\/p>\n<h2>3 FORM\u00c5L MED BEHANDLINGEN<\/h2>\n<p>[\/vc_column_text][vc_column_text]Personopplysningene til brukeren eller tredjeparter som brukeren oppgir, behandles av TIULAR via nettstedet utelukkende for f\u00f8lgende form\u00e5l:<\/p>\n<ol style=\"margin-left: 20px;\">\n<li>For \u00e5 utf\u00f8re funksjonene p\u00e5 nettstedet med sikte p\u00e5 \u00e5 levere tjenestene som tilbys der.<\/li>\n<li>For \u00e5 overholde de lovbestemte forpliktelsene.<\/li>\n<\/ol>\n<p style=\"text-align: justify;\">Under ingen omstendigheter vil vi utf\u00f8re noen av f\u00f8lgende aktiviteter:<\/p>\n<ol style=\"margin-left: 20px;\">\n<li>Overf\u00f8re opplysningene til andre personer eller enheter uten brukernes forh\u00e5ndssamtykke.<\/li>\n<li>Overf\u00f8re dem til andre stater uten forutg\u00e5ende samtykke fra brukerne.<\/li>\n<\/ol>\n<p>[\/vc_column_text][vc_column_text css=&#8221;.vc_custom_1704539635422{margin-top: 50px !important;margin-bottom: 12px !important;}&#8221;]<\/p>\n<h2>4 BRUKERENS DATA<\/h2>\n<p>[\/vc_column_text][vc_column_text]Brukeren garanterer at de oppgitte opplysningene er sanne, n\u00f8yaktige, fullstendige og oppdaterte, og er ansvarlig for eventuelle direkte eller indirekte skader som kan oppst\u00e5 som f\u00f8lge av manglende overholdelse av denne forpliktelsen.<\/p>\n<p>Hvis opplysningene som oppgis tilh\u00f8rer en tredjepart, garanterer brukeren at han\/hun har informert denne tredjeparten om aspektene i dette dokumentet og f\u00e5tt tillatelse til \u00e5 gi opplysningene til den ansvarlige for de nevnte form\u00e5lene.<\/p>\n<p>Registranten kan ikke garantere at systemene er absolutt us\u00e5rbare, og p\u00e5tar seg derfor ikke noe ansvar for skader som oppst\u00e5r som f\u00f8lge av endringer som tredjeparter kan for\u00e5rsake i datasystemer, elektroniske dokumenter eller filer.[\/vc_column_text][vc_column_text css=&#8221;.vc_custom_1704539664709{margin-top: 50px !important;margin-bottom: 12px !important;}&#8221;]<\/p>\n<h2>5 RETNINGSLINJER FOR INFORMASJONSKAPSLER<\/h2>\n<p>[\/vc_column_text][vc_column_text css=&#8221;.vc_custom_1704539675695{margin-bottom: 12px !important;padding-left: 20px !important;}&#8221;]I samsvar med bestemmelsene i RGPD og lov 34\/2002 om informasjonssamfunnstjenester, vil alle personopplysninger som innhentes via informasjonskapsler ved bruk av nettstedet, bli behandlet i samsvar med bestemmelsene i retningslinjene for informasjonskapsler.[\/vc_column_text][vc_column_text css=&#8221;.vc_custom_1704539684503{margin-top: 50px !important;margin-bottom: 12px !important;}&#8221;]<\/p>\n<h2>6 UT\u00d8VELSE AV RETTIGHETER<\/h2>\n<p>[\/vc_column_text][vc_column_text]I samsvar med bestemmelsene i RGPD informerer vi deg om at du kan ut\u00f8ve dine rettigheter til tilgang, retting, kansellering, innsigelse, begrensning av behandling og portabilitet ved \u00e5 sende en skriftlig henvendelse til EIEREN p\u00e5 en av f\u00f8lgende m\u00e5ter, vedlagt en kopi av et dokument som beviser din identitet og som spesifiserer rettigheten eller rettighetene du \u00f8nsker \u00e5 ut\u00f8ve, direkte til EIEREN via f\u00f8lgende e-postadresse: velia@veroholidayhomes.com.[\/vc_column_text][vc_column_text css=&#8221;.vc_custom_1704539756574{margin-top: 50px !important;margin-bottom: 12px !important;}&#8221;]<\/p>\n<h2>7 AKSEPT AV PERSONVERNERKL\u00c6RINGEN<\/h2>\n<p>[\/vc_column_text][vc_column_text]Brukeren erkjenner og godtar \u00e5 ha lest og forst\u00e5tt denne personvernerkl\u00e6ringen, hvis innhold utgj\u00f8r hele avtalen mellom brukeren og TIULAR med hensyn til bruk og behandling av hans\/hennes personopplysninger p\u00e5 nettstedet.<\/p>\n<p>Brukeren samtykker uttrykkelig i \u00e5 v\u00e6re bundet av vilk\u00e5rene i denne personvernerkl\u00e6ringen i st\u00f8rst mulig grad og omfang, uten unntak fra noen av bestemmelsene.<\/p>\n<p>I tillegg til bestemmelsene i denne personvernerkl\u00e6ringen forplikter brukeren seg til \u00e5 overholde de juridiske merknadene.<\/p>\n<p>Registranten forbeholder seg retten til \u00e5 oppdatere og gj\u00f8re endringer i personvernerkl\u00e6ringen, selv uten \u00e5 varsle brukeren p\u00e5 forh\u00e5nd. Slike endringer trer i kraft n\u00e5r de publiseres p\u00e5 nettstedet, der de til enhver tid skal v\u00e6re tilgjengelige for brukeren. I denne forbindelse anbefaler vi at brukeren regelmessig leser innholdet i personvernerkl\u00e6ringen for \u00e5 holde seg orientert om eventuelle endringer som p\u00e5virker behandlingen av opplysninger p\u00e5 nettstedet.<\/p>\n<p>Sist oppdatert: 24. juli 2019.[\/vc_column_text][vc_empty_space height=&#8221;100px&#8221;][\/vc_column][\/vc_row]<\/p>\n","protected":false},"excerpt":{"rendered":"<p>[vc_row css_animation=&#8221;&#8221; row_type=&#8221;row&#8221; use_row_as_full_screen_section=&#8221;no&#8221; type=&#8221;full_width&#8221; angled_section=&#8221;no&#8221; text_align=&#8221;left&#8221; background_image_as_pattern=&#8221;without_pattern&#8221; z_index=&#8221;&#8221;][vc_column el_id=&#8221;contenido&#8221;][vc_column_text] 1 IDENTIFIKASJON [\/vc_column_text][vc_empty_space height=&#8221;12px&#8221;][vc_column_text]Innehaver: Vero Spain S.L. (heretter kalt &#8220;Registranten&#8221;) Registrert konto: C\/ Mar de Alboran 8, Urb. El Tossal La Nuc\u00eda, 03530 Alicante, Espania ID: B54948070 E-post: velia@veroholidayhomes.com Telefon: +34 655 616 465 EGVT-1168-A[\/vc_column_text][vc_column_text&#8230;<\/p>\n","protected":false},"author":1,"featured_media":0,"parent":0,"menu_order":0,"comment_status":"closed","ping_status":"closed","template":"","meta":{"_acf_changed":false,"footnotes":""},"class_list":["post-1622","page","type-page","status-publish","hentry"],"acf":[],"yoast_head":"<!-- This site is optimized with the Yoast SEO plugin v27.4 - https:\/\/yoast.com\/product\/yoast-seo-wordpress\/ -->\n<title>Personvernspolitikk | Vero Holiday Homes<\/title>\n<meta name=\"description\" content=\"Personvernspolitikk | Vero Holiday Homes\" \/>\n<meta name=\"robots\" content=\"index, follow, max-snippet:-1, max-image-preview:large, max-video-preview:-1\" \/>\n<link rel=\"canonical\" href=\"https:\/\/veroholidayhomes.com\/no\/personvernspolitikk\/\" \/>\n<meta property=\"og:locale\" content=\"nb_NO\" \/>\n<meta property=\"og:type\" content=\"article\" \/>\n<meta property=\"og:title\" content=\"Personvernspolitikk | Vero Holiday Homes\" \/>\n<meta property=\"og:description\" content=\"Personvernspolitikk | Vero Holiday Homes\" \/>\n<meta property=\"og:url\" content=\"https:\/\/veroholidayhomes.com\/no\/personvernspolitikk\/\" \/>\n<meta property=\"og:site_name\" content=\"Vero Holiday Homes\" \/>\n<meta property=\"article:modified_time\" content=\"2024-01-06T11:17:06+00:00\" \/>\n<meta name=\"twitter:card\" content=\"summary_large_image\" \/>\n<meta name=\"twitter:label1\" content=\"Ansl. lesetid\" \/>\n\t<meta name=\"twitter:data1\" content=\"4 minutter\" \/>\n<script type=\"application\/ld+json\" class=\"yoast-schema-graph\">{\"@context\":\"https:\\\/\\\/schema.org\",\"@graph\":[{\"@type\":\"WebPage\",\"@id\":\"https:\\\/\\\/veroholidayhomes.com\\\/no\\\/personvernspolitikk\\\/\",\"url\":\"https:\\\/\\\/veroholidayhomes.com\\\/no\\\/personvernspolitikk\\\/\",\"name\":\"Personvernspolitikk | Vero Holiday Homes\",\"isPartOf\":{\"@id\":\"https:\\\/\\\/veroholidayhomes.com\\\/#website\"},\"datePublished\":\"2019-05-01T18:34:32+00:00\",\"dateModified\":\"2024-01-06T11:17:06+00:00\",\"description\":\"Personvernspolitikk | Vero Holiday Homes\",\"breadcrumb\":{\"@id\":\"https:\\\/\\\/veroholidayhomes.com\\\/no\\\/personvernspolitikk\\\/#breadcrumb\"},\"inLanguage\":\"nb-NO\",\"potentialAction\":[{\"@type\":\"ReadAction\",\"target\":[\"https:\\\/\\\/veroholidayhomes.com\\\/no\\\/personvernspolitikk\\\/\"]}]},{\"@type\":\"BreadcrumbList\",\"@id\":\"https:\\\/\\\/veroholidayhomes.com\\\/no\\\/personvernspolitikk\\\/#breadcrumb\",\"itemListElement\":[{\"@type\":\"ListItem\",\"position\":1,\"name\":\"Portada\",\"item\":\"https:\\\/\\\/veroholidayhomes.com\\\/no\\\/\"},{\"@type\":\"ListItem\",\"position\":2,\"name\":\"Personvernspolitikk\"}]},{\"@type\":\"WebSite\",\"@id\":\"https:\\\/\\\/veroholidayhomes.com\\\/#website\",\"url\":\"https:\\\/\\\/veroholidayhomes.com\\\/\",\"name\":\"Vero Holiday Homes\",\"description\":\"Leiligheter for ferieutleie\",\"potentialAction\":[{\"@type\":\"SearchAction\",\"target\":{\"@type\":\"EntryPoint\",\"urlTemplate\":\"https:\\\/\\\/veroholidayhomes.com\\\/?s={search_term_string}\"},\"query-input\":{\"@type\":\"PropertyValueSpecification\",\"valueRequired\":true,\"valueName\":\"search_term_string\"}}],\"inLanguage\":\"nb-NO\"}]}<\/script>\n<!-- \/ Yoast SEO plugin. -->","yoast_head_json":{"title":"Personvernspolitikk | Vero Holiday Homes","description":"Personvernspolitikk | Vero Holiday Homes","robots":{"index":"index","follow":"follow","max-snippet":"max-snippet:-1","max-image-preview":"max-image-preview:large","max-video-preview":"max-video-preview:-1"},"canonical":"https:\/\/veroholidayhomes.com\/no\/personvernspolitikk\/","og_locale":"nb_NO","og_type":"article","og_title":"Personvernspolitikk | Vero Holiday Homes","og_description":"Personvernspolitikk | Vero Holiday Homes","og_url":"https:\/\/veroholidayhomes.com\/no\/personvernspolitikk\/","og_site_name":"Vero Holiday Homes","article_modified_time":"2024-01-06T11:17:06+00:00","twitter_card":"summary_large_image","twitter_misc":{"Ansl. lesetid":"4 minutter"},"schema":{"@context":"https:\/\/schema.org","@graph":[{"@type":"WebPage","@id":"https:\/\/veroholidayhomes.com\/no\/personvernspolitikk\/","url":"https:\/\/veroholidayhomes.com\/no\/personvernspolitikk\/","name":"Personvernspolitikk | Vero Holiday Homes","isPartOf":{"@id":"https:\/\/veroholidayhomes.com\/#website"},"datePublished":"2019-05-01T18:34:32+00:00","dateModified":"2024-01-06T11:17:06+00:00","description":"Personvernspolitikk | Vero Holiday Homes","breadcrumb":{"@id":"https:\/\/veroholidayhomes.com\/no\/personvernspolitikk\/#breadcrumb"},"inLanguage":"nb-NO","potentialAction":[{"@type":"ReadAction","target":["https:\/\/veroholidayhomes.com\/no\/personvernspolitikk\/"]}]},{"@type":"BreadcrumbList","@id":"https:\/\/veroholidayhomes.com\/no\/personvernspolitikk\/#breadcrumb","itemListElement":[{"@type":"ListItem","position":1,"name":"Portada","item":"https:\/\/veroholidayhomes.com\/no\/"},{"@type":"ListItem","position":2,"name":"Personvernspolitikk"}]},{"@type":"WebSite","@id":"https:\/\/veroholidayhomes.com\/#website","url":"https:\/\/veroholidayhomes.com\/","name":"Vero Holiday Homes","description":"Leiligheter for ferieutleie","potentialAction":[{"@type":"SearchAction","target":{"@type":"EntryPoint","urlTemplate":"https:\/\/veroholidayhomes.com\/?s={search_term_string}"},"query-input":{"@type":"PropertyValueSpecification","valueRequired":true,"valueName":"search_term_string"}}],"inLanguage":"nb-NO"}]}},"_links":{"self":[{"href":"https:\/\/veroholidayhomes.com\/no\/wp-json\/wp\/v2\/pages\/1622","targetHints":{"allow":["GET"]}}],"collection":[{"href":"https:\/\/veroholidayhomes.com\/no\/wp-json\/wp\/v2\/pages"}],"about":[{"href":"https:\/\/veroholidayhomes.com\/no\/wp-json\/wp\/v2\/types\/page"}],"author":[{"embeddable":true,"href":"https:\/\/veroholidayhomes.com\/no\/wp-json\/wp\/v2\/users\/1"}],"replies":[{"embeddable":true,"href":"https:\/\/veroholidayhomes.com\/no\/wp-json\/wp\/v2\/comments?post=1622"}],"version-history":[{"count":10,"href":"https:\/\/veroholidayhomes.com\/no\/wp-json\/wp\/v2\/pages\/1622\/revisions"}],"predecessor-version":[{"id":9035,"href":"https:\/\/veroholidayhomes.com\/no\/wp-json\/wp\/v2\/pages\/1622\/revisions\/9035"}],"wp:attachment":[{"href":"https:\/\/veroholidayhomes.com\/no\/wp-json\/wp\/v2\/media?parent=1622"}],"curies":[{"name":"wp","href":"https:\/\/api.w.org\/{rel}","templated":true}]}}