{"id":1626,"date":"2019-05-19T23:34:53","date_gmt":"2019-05-19T21:34:53","guid":{"rendered":"https:\/\/veroholidayhomes.com\/servicios\/"},"modified":"2024-01-03T14:05:00","modified_gmt":"2024-01-03T13:05:00","slug":"servicer","status":"publish","type":"page","link":"https:\/\/veroholidayhomes.com\/no\/servicer\/","title":{"rendered":"Servicer"},"content":{"rendered":"<p>[vc_row css_animation=&#8221;&#8221; row_type=&#8221;row&#8221; use_row_as_full_screen_section=&#8221;no&#8221; type=&#8221;full_width&#8221; angled_section=&#8221;no&#8221; text_align=&#8221;left&#8221; background_image_as_pattern=&#8221;without_pattern&#8221; z_index=&#8221;&#8221; background_image=&#8221;748&#8243; padding_top=&#8221;125&#8243; padding_bottom=&#8221;125&#8243;][vc_column][\/vc_column][\/vc_row][vc_row css_animation=&#8221;&#8221; row_type=&#8221;row&#8221; use_row_as_full_screen_section=&#8221;no&#8221; type=&#8221;grid&#8221; angled_section=&#8221;no&#8221; text_align=&#8221;left&#8221; background_image_as_pattern=&#8221;without_pattern&#8221; css=&#8221;.vc_custom_1558301161787{margin-top: 50px !important;}&#8221; z_index=&#8221;&#8221;][vc_column][vc_column_text css=&#8221;.vc_custom_1704286328336{margin-bottom: 40px !important;}&#8221;]<\/p>\n<h1 style=\"text-align: left;\">Tjenester<\/h1>\n<p>[\/vc_column_text][qode_elements_holder number_of_columns=&#8221;two_columns&#8221;][qode_elements_holder_item vertical_alignment=&#8221;top&#8221; advanced_animations=&#8221;no&#8221; item_padding=&#8221;20px 20px 20px 20px&#8221; background_color=&#8221;#ffffff&#8221;][vc_column_text css=&#8221;.vc_custom_1704286928818{padding-bottom: 30px !important;}&#8221;]<\/p>\n<h3 style=\"text-align: center; margin-bottom: 30px;\">Innsjekking i kiosk<\/h3>\n<p>[\/vc_column_text][vc_column_text]Vi har en d\u00f8gn\u00e5pen resepsjon i kiosken v\u00e5r.<\/p>\n<p>Sjekk inn og hent n\u00f8klene dine umiddelbart!<\/p>\n<p>Innsjekkingen tar mindre enn ett minutt og er helt autonom.<\/p>\n<p>Kiosken lar deg finne reservasjonen manuelt eller ved hjelp av QR-kode, identifisere brukere ved hjelp av pass eller ID-kort og inkluderer en taleguide som forteller deg hvordan du skal g\u00e5 frem p\u00e5 hvert skjermbilde, og p\u00e5 slutten av innsjekkingen f\u00e5r du n\u00f8klene til boligen din.<\/p>\n<p>Velkommen og ha et hyggelig opphold hos Vero Holiday Homes!<\/p>\n<p>Skriv til oss p\u00e5 velia@veroholidayhomes.com<\/p>\n<p>Eller ring oss for \u00e5 gj\u00f8re en reservasjon p\u00e5 (+34) 655 616 465[\/vc_column_text][\/qode_elements_holder_item][qode_elements_holder_item vertical_alignment=&#8221;top&#8221; advanced_animations=&#8221;no&#8221; background_color=&#8221;#ffffff&#8221; item_padding=&#8221;20px 20px 20px 20px&#8221;][vc_single_image image=&#8221;8330&#8243; img_size=&#8221;full&#8221; style=&#8221;vc_box_rounded&#8221; onclick=&#8221;custom_link&#8221; img_link_target=&#8221;_blank&#8221; qode_css_animation=&#8221;&#8221; css=&#8221;.vc_custom_1697543335494{margin-bottom: 20px !important;}&#8221; link=&#8221;https:\/\/transfer4u.es\/apartamentos\/vero-holiday\/vero-holiday\/&#8221;][\/qode_elements_holder_item][\/qode_elements_holder][vc_empty_space height=&#8221;120px&#8221;][qode_elements_holder number_of_columns=&#8221;two_columns&#8221;][qode_elements_holder_item vertical_alignment=&#8221;top&#8221; advanced_animations=&#8221;no&#8221; item_padding=&#8221;20px 20px 20px 20px&#8221; background_color=&#8221;#ffffff&#8221;][vc_column_text css=&#8221;.vc_custom_1704286938538{padding-bottom: 30px !important;}&#8221;]<\/p>\n<h3 style=\"text-align: center; margin-bottom: 30px;\">Transport fra leiligheten til flyplassen<\/h3>\n<p>[\/vc_column_text][vc_column_text]Det beste alternativet for reiser til\/fra flyplassen<\/p>\n<ul>\n<li>Ideell for familier<\/li>\n<li>Syklister som alltid har sykkelen sin med seg<\/li>\n<li>Golfelskere<\/li>\n<li>Vennegrupper<\/li>\n<li>Par med bagasje for \u00e5 nyte dag og natt p\u00e5 Costa Blanca<\/li>\n<\/ul>\n<p>&nbsp;<\/p>\n<p>Hvorfor velge oss?<\/p>\n<ul>\n<li>Vi tilbyr privat &#8220;d\u00f8r-til-d\u00f8r&#8221;-transport (flyplass-leiligheter) med profesjonelle sj\u00e5f\u00f8rer.<\/li>\n<li>Lukkede og konkurransedyktige priser<\/li>\n<li>Maksimal punktlighet<\/li>\n<li>100 % utstyrte kj\u00f8ret\u00f8y. Kapasitet for alle typer bagasje<\/li>\n<li>Tilgjengelighet 24\/7<\/li>\n<li>Anbefales p\u00e5 det sterkeste av v\u00e5re kunder.<\/li>\n<\/ul>\n<p>&nbsp;<\/p>\n<p>Reservasjoner m\u00e5 gj\u00f8res minst 2 dager i forveien.<\/p>\n<p>Velia. WhatsApp: 655 616 465<\/p>\n<p><a href=\"https:\/\/transfer4u.es\/apartamentos\/vero-holiday\/vero-holiday\/\">https:\/\/transfer4u.es\/apartamentos\/vero-holiday\/vero-holiday\/<\/a>[\/vc_column_text][\/qode_elements_holder_item][qode_elements_holder_item vertical_alignment=&#8221;top&#8221; advanced_animations=&#8221;no&#8221; background_color=&#8221;#ffffff&#8221; item_padding=&#8221;20px 20px 20px 20px&#8221;][vc_single_image image=&#8221;5827&#8243; img_size=&#8221;full&#8221; style=&#8221;vc_box_rounded&#8221; onclick=&#8221;custom_link&#8221; img_link_target=&#8221;_blank&#8221; qode_css_animation=&#8221;&#8221; css=&#8221;.vc_custom_1645718893490{margin-bottom: 20px !important;}&#8221; link=&#8221;https:\/\/transfer4u.es\/apartamentos\/vero-holiday\/vero-holiday\/&#8221;][vc_single_image image=&#8221;5830&#8243; img_size=&#8221;full&#8221; style=&#8221;vc_box_rounded&#8221; onclick=&#8221;custom_link&#8221; img_link_target=&#8221;_blank&#8221; qode_css_animation=&#8221;&#8221; css=&#8221;.vc_custom_1631116603353{margin-bottom: 20px !important;}&#8221; link=&#8221;mailto:velia@veroholidayhomes.com&#8221;][\/qode_elements_holder_item][\/qode_elements_holder][vc_empty_space height=&#8221;120px&#8221;][qode_elements_holder number_of_columns=&#8221;two_columns&#8221;][qode_elements_holder_item vertical_alignment=&#8221;top&#8221; advanced_animations=&#8221;no&#8221; item_padding=&#8221;20px 20px 20px 20px&#8221; background_color=&#8221;#ffffff&#8221;][vc_column_text css=&#8221;.vc_custom_1704287092605{margin-bottom: 30px !important;}&#8221;]<\/p>\n<h3 style=\"text-align: center; margin-bottom: 30px;\">Leiebil Victoria Cars<\/h3>\n<p>[\/vc_column_text][vc_column_text]Sjekk v\u00e5re priser uten forpliktelser, biler for alle dine behov p\u00e5 flyplassene i Calpe (Marina Baixa), Alicante eller Valencia. Stol p\u00e5 Victoria cars n\u00e5r du skal leie bil p\u00e5 ferien, klare priser og ingen overraskelser. Nye og fullt utstyrte biler.<\/p>\n<p>&nbsp;<\/p>\n<p>Skriv til oss p\u00e5 velia@veroholidayhomes.com<\/p>\n<p>Eller ring oss for \u00e5 gj\u00f8re en reservasjon (+34) 655 616 465[\/vc_column_text][\/qode_elements_holder_item][qode_elements_holder_item vertical_alignment=&#8221;top&#8221; advanced_animations=&#8221;no&#8221; background_color=&#8221;#ffffff&#8221; item_padding=&#8221;20px 20px 20px 20px&#8221;][vc_single_image image=&#8221;5243&#8243; img_size=&#8221;full&#8221; style=&#8221;vc_box_rounded&#8221; onclick=&#8221;custom_link&#8221; img_link_target=&#8221;_blank&#8221; qode_css_animation=&#8221;&#8221; css=&#8221;.vc_custom_1624048191730{margin-bottom: 20px !important;}&#8221; link=&#8221;mailto:velia@veroholidayhomes.com&#8221;][\/qode_elements_holder_item][\/qode_elements_holder][vc_empty_space height=&#8221;120px&#8221;][vc_raw_html css=&#8221;.vc_custom_1624048440588{background-color: #ffffff !important;}&#8221;]JTNDc2NyaXB0JTIwc3JjJTNEJTIyaWZyYW1lUmVzaXplci5taW4uanMlMjIlMjB0eXBlJTNEJTIydGV4dCUyRmphdmFzY3JpcHQlMjIlM0UlM0MlMkZzY3JpcHQlM0UlM0MlMkZwJTNFJTBBJTBBJTNDcCUzRSUzQ2lmcmFtZSUyMGlkJTNEJTIyaWZyYW1lX2NhcnBsdXNfYWZpbGlhZG8lMjIlMjBzdHlsZSUzRCUyMndpZHRoJTNBJTIwMTAwJTI1JTNCJTIwYm9yZGVyJTNBJTIwbm9uZSUzQiUyMiUyMHNyYyUzRCUyMmh0dHBzJTNBJTJGJTJGYm9va2luZ3MudmljdG9yaWFjYXJzLmNvbSUyRiUzRmlkaW9tYSUzRGVzJTI2YW1wJTNCYWZpbGlhZG8lM0Q0MzAwMDA0NiUyNmFtcCUzQmNvbG9yX2FmaWxpYWRvJTNEb3JhbmdlJTIyJTIwd2lkdGglM0QlMjIxMDAlMjUlMjIlMjBoZWlnaHQlM0QlMjI2NTAlMjIlMjBzY3JvbGxpbmclM0QlMjJ5ZXMlMjIlM0UlM0MlMkZpZnJhbWUlM0UlM0MlMkZwJTNFJTBBJTBBJTNDcCUzRSUzQ3NjcmlwdCUzRSUyRiUyRiUyMCUzQyUyMSU1QkNEQVRBJTVCaUZyYW1lUmVzaXplJTI4JTdCbG9nJTNBZmFsc2UlN0QlMkMlMjAlMjclMjNpZnJhbWVfY2FycGx1c19hZmlsaWFkbyUyNyUyOSUyRiUyRiUyMCU1RCU1RCUyNmd0JTNCJTNDJTJGc2NyaXB0JTNF[\/vc_raw_html][vc_empty_space height=&#8221;120px&#8221;][\/vc_column][\/vc_row]<\/p>\n","protected":false},"excerpt":{"rendered":"<p>[vc_row css_animation=&#8221;&#8221; row_type=&#8221;row&#8221; use_row_as_full_screen_section=&#8221;no&#8221; type=&#8221;full_width&#8221; angled_section=&#8221;no&#8221; text_align=&#8221;left&#8221; background_image_as_pattern=&#8221;without_pattern&#8221; z_index=&#8221;&#8221; background_image=&#8221;748&#8243; padding_top=&#8221;125&#8243; padding_bottom=&#8221;125&#8243;][vc_column][\/vc_column][\/vc_row][vc_row css_animation=&#8221;&#8221; row_type=&#8221;row&#8221; use_row_as_full_screen_section=&#8221;no&#8221; type=&#8221;grid&#8221; angled_section=&#8221;no&#8221; text_align=&#8221;left&#8221; background_image_as_pattern=&#8221;without_pattern&#8221; css=&#8221;.vc_custom_1558301161787{margin-top: 50px !important;}&#8221; z_index=&#8221;&#8221;][vc_column][vc_column_text css=&#8221;.vc_custom_1704286328336{margin-bottom: 40px !important;}&#8221;] Tjenester [\/vc_column_text][qode_elements_holder number_of_columns=&#8221;two_columns&#8221;][qode_elements_holder_item vertical_alignment=&#8221;top&#8221; advanced_animations=&#8221;no&#8221; item_padding=&#8221;20px 20px 20px 20px&#8221; background_color=&#8221;#ffffff&#8221;][vc_column_text css=&#8221;.vc_custom_1704286928818{padding-bottom: 30px !important;}&#8221;] Innsjekking i kiosk [\/vc_column_text][vc_column_text]Vi har en&#8230;<\/p>\n","protected":false},"author":1,"featured_media":0,"parent":0,"menu_order":0,"comment_status":"closed","ping_status":"closed","template":"full_width.php","meta":{"_acf_changed":false,"footnotes":""},"class_list":["post-1626","page","type-page","status-publish","hentry"],"acf":[],"yoast_head":"<!-- This site is optimized with the Yoast SEO plugin v27.4 - https:\/\/yoast.com\/product\/yoast-seo-wordpress\/ -->\n<title>Servicer | Vero Holiday Homes<\/title>\n<meta name=\"description\" content=\"Servicer | Vero Holiday Homes\" \/>\n<meta name=\"robots\" content=\"index, follow, max-snippet:-1, max-image-preview:large, max-video-preview:-1\" \/>\n<link rel=\"canonical\" href=\"https:\/\/veroholidayhomes.com\/no\/servicer\/\" \/>\n<meta property=\"og:locale\" content=\"nb_NO\" \/>\n<meta property=\"og:type\" content=\"article\" \/>\n<meta property=\"og:title\" content=\"Servicer | Vero Holiday Homes\" \/>\n<meta property=\"og:description\" content=\"Servicer | Vero Holiday Homes\" \/>\n<meta property=\"og:url\" content=\"https:\/\/veroholidayhomes.com\/no\/servicer\/\" \/>\n<meta property=\"og:site_name\" content=\"Vero Holiday Homes\" \/>\n<meta property=\"article:modified_time\" content=\"2024-01-03T13:05:00+00:00\" \/>\n<meta name=\"twitter:card\" content=\"summary_large_image\" \/>\n<meta name=\"twitter:label1\" content=\"Ansl. lesetid\" \/>\n\t<meta name=\"twitter:data1\" content=\"2 minutter\" \/>\n<script type=\"application\/ld+json\" class=\"yoast-schema-graph\">{\"@context\":\"https:\\\/\\\/schema.org\",\"@graph\":[{\"@type\":\"WebPage\",\"@id\":\"https:\\\/\\\/veroholidayhomes.com\\\/no\\\/servicer\\\/\",\"url\":\"https:\\\/\\\/veroholidayhomes.com\\\/no\\\/servicer\\\/\",\"name\":\"Servicer | Vero Holiday Homes\",\"isPartOf\":{\"@id\":\"https:\\\/\\\/veroholidayhomes.com\\\/#website\"},\"datePublished\":\"2019-05-19T21:34:53+00:00\",\"dateModified\":\"2024-01-03T13:05:00+00:00\",\"description\":\"Servicer | Vero Holiday Homes\",\"breadcrumb\":{\"@id\":\"https:\\\/\\\/veroholidayhomes.com\\\/no\\\/servicer\\\/#breadcrumb\"},\"inLanguage\":\"nb-NO\",\"potentialAction\":[{\"@type\":\"ReadAction\",\"target\":[\"https:\\\/\\\/veroholidayhomes.com\\\/no\\\/servicer\\\/\"]}]},{\"@type\":\"BreadcrumbList\",\"@id\":\"https:\\\/\\\/veroholidayhomes.com\\\/no\\\/servicer\\\/#breadcrumb\",\"itemListElement\":[{\"@type\":\"ListItem\",\"position\":1,\"name\":\"Portada\",\"item\":\"https:\\\/\\\/veroholidayhomes.com\\\/no\\\/\"},{\"@type\":\"ListItem\",\"position\":2,\"name\":\"Servicer\"}]},{\"@type\":\"WebSite\",\"@id\":\"https:\\\/\\\/veroholidayhomes.com\\\/#website\",\"url\":\"https:\\\/\\\/veroholidayhomes.com\\\/\",\"name\":\"Vero Holiday Homes\",\"description\":\"Leiligheter for ferieutleie\",\"potentialAction\":[{\"@type\":\"SearchAction\",\"target\":{\"@type\":\"EntryPoint\",\"urlTemplate\":\"https:\\\/\\\/veroholidayhomes.com\\\/?s={search_term_string}\"},\"query-input\":{\"@type\":\"PropertyValueSpecification\",\"valueRequired\":true,\"valueName\":\"search_term_string\"}}],\"inLanguage\":\"nb-NO\"}]}<\/script>\n<!-- \/ Yoast SEO plugin. -->","yoast_head_json":{"title":"Servicer | Vero Holiday Homes","description":"Servicer | Vero Holiday Homes","robots":{"index":"index","follow":"follow","max-snippet":"max-snippet:-1","max-image-preview":"max-image-preview:large","max-video-preview":"max-video-preview:-1"},"canonical":"https:\/\/veroholidayhomes.com\/no\/servicer\/","og_locale":"nb_NO","og_type":"article","og_title":"Servicer | Vero Holiday Homes","og_description":"Servicer | Vero Holiday Homes","og_url":"https:\/\/veroholidayhomes.com\/no\/servicer\/","og_site_name":"Vero Holiday Homes","article_modified_time":"2024-01-03T13:05:00+00:00","twitter_card":"summary_large_image","twitter_misc":{"Ansl. lesetid":"2 minutter"},"schema":{"@context":"https:\/\/schema.org","@graph":[{"@type":"WebPage","@id":"https:\/\/veroholidayhomes.com\/no\/servicer\/","url":"https:\/\/veroholidayhomes.com\/no\/servicer\/","name":"Servicer | Vero Holiday Homes","isPartOf":{"@id":"https:\/\/veroholidayhomes.com\/#website"},"datePublished":"2019-05-19T21:34:53+00:00","dateModified":"2024-01-03T13:05:00+00:00","description":"Servicer | Vero Holiday Homes","breadcrumb":{"@id":"https:\/\/veroholidayhomes.com\/no\/servicer\/#breadcrumb"},"inLanguage":"nb-NO","potentialAction":[{"@type":"ReadAction","target":["https:\/\/veroholidayhomes.com\/no\/servicer\/"]}]},{"@type":"BreadcrumbList","@id":"https:\/\/veroholidayhomes.com\/no\/servicer\/#breadcrumb","itemListElement":[{"@type":"ListItem","position":1,"name":"Portada","item":"https:\/\/veroholidayhomes.com\/no\/"},{"@type":"ListItem","position":2,"name":"Servicer"}]},{"@type":"WebSite","@id":"https:\/\/veroholidayhomes.com\/#website","url":"https:\/\/veroholidayhomes.com\/","name":"Vero Holiday Homes","description":"Leiligheter for ferieutleie","potentialAction":[{"@type":"SearchAction","target":{"@type":"EntryPoint","urlTemplate":"https:\/\/veroholidayhomes.com\/?s={search_term_string}"},"query-input":{"@type":"PropertyValueSpecification","valueRequired":true,"valueName":"search_term_string"}}],"inLanguage":"nb-NO"}]}},"_links":{"self":[{"href":"https:\/\/veroholidayhomes.com\/no\/wp-json\/wp\/v2\/pages\/1626","targetHints":{"allow":["GET"]}}],"collection":[{"href":"https:\/\/veroholidayhomes.com\/no\/wp-json\/wp\/v2\/pages"}],"about":[{"href":"https:\/\/veroholidayhomes.com\/no\/wp-json\/wp\/v2\/types\/page"}],"author":[{"embeddable":true,"href":"https:\/\/veroholidayhomes.com\/no\/wp-json\/wp\/v2\/users\/1"}],"replies":[{"embeddable":true,"href":"https:\/\/veroholidayhomes.com\/no\/wp-json\/wp\/v2\/comments?post=1626"}],"version-history":[{"count":67,"href":"https:\/\/veroholidayhomes.com\/no\/wp-json\/wp\/v2\/pages\/1626\/revisions"}],"predecessor-version":[{"id":8721,"href":"https:\/\/veroholidayhomes.com\/no\/wp-json\/wp\/v2\/pages\/1626\/revisions\/8721"}],"wp:attachment":[{"href":"https:\/\/veroholidayhomes.com\/no\/wp-json\/wp\/v2\/media?parent=1626"}],"curies":[{"name":"wp","href":"https:\/\/api.w.org\/{rel}","templated":true}]}}