{"id":1808,"date":"2024-01-06T12:29:11","date_gmt":"2024-01-06T11:29:11","guid":{"rendered":"https:\/\/veroholidayhomes.com\/?page_id=1808"},"modified":"2024-01-06T12:38:14","modified_gmt":"2024-01-06T11:38:14","slug":"retningslinjer-for-informasjonskapsler","status":"publish","type":"page","link":"https:\/\/veroholidayhomes.com\/no\/retningslinjer-for-informasjonskapsler\/","title":{"rendered":"Retningslinjer for informasjonskapsler"},"content":{"rendered":"<p>[vc_row css_animation=&#8221;&#8221; row_type=&#8221;row&#8221; use_row_as_full_screen_section=&#8221;no&#8221; type=&#8221;full_width&#8221; angled_section=&#8221;no&#8221; text_align=&#8221;left&#8221; background_image_as_pattern=&#8221;without_pattern&#8221; z_index=&#8221;&#8221;][vc_column el_id=&#8221;contenido&#8221;][vc_column_text]Denne erkl\u00e6ringen om informasjonskapsler er et supplement til personvernerkl\u00e6ringen for nettstedet veroholidayhomes.com (heretter kalt &#8220;nettstedet&#8221;) som eies av Vero Spain S.L. (heretter kalt &#8220;EIEREN&#8221;). Tilgang til og bruk av nettstedet, eller bruk av dets tjenester, inneb\u00e6rer at du aksepterer bestemmelsene i nettstedets juridiske merknad og personvernerkl\u00e6ring.<\/p>\n<p>For \u00e5 gj\u00f8re det enklere \u00e5 surfe p\u00e5 nettstedet informerer EIEREN, med registrert adresse C\/ Mar de Alboran 8, Urb. El Tossal La Nucia, 03530 Alicante, Spania, med skatteregistreringsnummer B54948070, herved om at det brukes informasjonskapsler eller andre filer med lignende funksjonalitet (heretter kalt &#8220;informasjonskapsler&#8221;).[\/vc_column_text][vc_column_text css=&#8221;.vc_custom_1704540694145{margin-top: 50px !important;margin-bottom: 12px !important;}&#8221;]<\/p>\n<h2>Hva er en informasjonskapsel?<\/h2>\n<p>[\/vc_column_text][vc_column_text]Informasjonskapsler er filer som inneholder sm\u00e5 mengder informasjon som lastes ned til brukerens enhet n\u00e5r han\/hun bes\u00f8ker et nettsted. Hovedform\u00e5let er \u00e5 gjenkjenne brukeren hver gang han\/hun g\u00e5r inn p\u00e5 nettstedet, noe som i tillegg gj\u00f8r det mulig \u00e5 forbedre kvaliteten og tilby en bedre bruk av nettstedet.<\/p>\n<p>Informasjonskapsler er avgj\u00f8rende for at Internett skal fungere, da de blant annet bidrar til \u00e5 identifisere og l\u00f8se eventuelle feil p\u00e5 nettstedet.[\/vc_column_text][vc_column_text css=&#8221;.vc_custom_1704540712258{margin-top: 50px !important;margin-bottom: 12px !important;}&#8221;]<\/p>\n<h2>Bruk av informasjonskapsler<\/h2>\n<p>[\/vc_column_text][vc_column_text]Tilgang til nettstedet inneb\u00e6rer uttrykkelig aksept av bruken av informasjonskapslene som er beskrevet i denne erkl\u00e6ringen p\u00e5 de enhetene som brukes til slik tilgang. Hvis informasjonskapslene deaktiveres, kan det hende at bruken av nettstedet ikke er optimal, og at noen av verkt\u00f8yene som er tilgjengelige p\u00e5 nettstedet, ikke fungerer som de skal.<\/p>\n<p>N\u00e6rmere bestemt bruker EIEREN informasjonskapsler for \u00e5 identifisere de brukerne som godtar bruk av informasjonskapsler p\u00e5 nettstedet og for \u00e5 tillate installasjon av disse, for \u00e5 tillate innlogging av brukere i de tilfellene der dette er n\u00f8dvendig for \u00e5 f\u00e5 tilgang til visse deler av nettstedet, samt for \u00e5 huske innloggingsdataene til nevnte brukere ved fremtidige bes\u00f8k og dermed kunne tilby en mer komfortabel nettleseropplevelse, samt for \u00e5 evaluere bruken av nettstedet og dets aktivitet.<\/p>\n<p>Informasjonskapsler bidrar ogs\u00e5 til \u00e5 beskytte brukerne mot mulige angrep fra tredjeparter.<\/p>\n<p>[\/vc_column_text][vc_column_text css=&#8221;.vc_custom_1704540757643{margin-top: 50px !important;margin-bottom: 12px !important;}&#8221;]<\/p>\n<h2>Egne informasjonskapsler<\/h2>\n<p>[\/vc_column_text][vc_column_text]Tekniske informasjonskapsler og informasjonskapsler for personlig tilpasning:<\/p>\n<p>Disse informasjonskapslene gj\u00f8r det lettere for brukeren \u00e5 f\u00e5 tilgang til og surfe p\u00e5 nettstedet ved hvert bes\u00f8k p\u00e5 nettstedet og \u00e5 bruke de ulike alternativene eller tjenestene som finnes, for eksempel standardspr\u00e5ket som brukeren bruker p\u00e5 nettstedet.<\/p>\n<p>Liste over informasjonskapsler vi bruker:<\/p>\n<p>&nbsp;<\/p>\n<table>\n<tbody>\n<tr>\n<td style=\"background-color: #ececec;\">NAVN P\u00c5 INFORMASJONSKAPSEL<\/td>\n<td style=\"background-color: #ececec;\">URL SOM DEN LASTES NED FRA<\/td>\n<td style=\"background-color: #ececec;\">FORM\u00c5LET MED INFORMASJONSKAPSELEN<\/td>\n<td style=\"background-color: #ececec;\">VARIGHET<\/td>\n<\/tr>\n<tr>\n<td>Google Analytics<\/td>\n<td>www.google-analytics.com%2Fanalytics.js&amp;v=2&amp;t=script<\/td>\n<td>De gj\u00f8r det mulig for oss \u00e5 innhente informasjon om hvordan brukerne samhandler med innholdet p\u00e5 nettstedet v\u00e5rt Google Analytics-informasjonskapsler samler inn informasjon anonymt.<\/td>\n<td>2 \u00e5r<\/td>\n<\/tr>\n<\/tbody>\n<\/table>\n<p>[\/vc_column_text][vc_column_text css=&#8221;.vc_custom_1704540870543{margin-top: 50px !important;margin-bottom: 12px !important;}&#8221;]<\/p>\n<h2>Brukerinnstillinger for \u00e5 forhindre informasjonskapsler<\/h2>\n<p>[\/vc_column_text][vc_column_text]I samsvar med gjeldende lovgivning gir vi deg informasjon som gj\u00f8r at du kan konfigurere nettleseren(e) din(e) for \u00e5 ivareta personvernet og sikkerheten din i forhold til informasjonskapsler. Derfor gir vi deg informasjon og lenker til de offisielle st\u00f8ttesidene for de viktigste nettleserne, slik at du kan bestemme om du \u00f8nsker \u00e5 godta bruk av informasjonskapsler eller ikke.<\/p>\n<p>Du kan blokkere informasjonskapsler via konfigurasjonsverkt\u00f8yene i nettleseren din, eller du kan konfigurere nettleseren slik at du f\u00e5r en advarsel n\u00e5r en server \u00f8nsker \u00e5 lagre en informasjonskapsel:<\/p>\n<p>&nbsp;<\/p>\n<p><strong>Internet Explorer<\/strong>: Verkt\u00f8y =&gt; Internett-alternativer =&gt; Personvern =&gt; Innstillinger;<\/p>\n<p><strong>Firefox<\/strong>: Verkt\u00f8y =&gt; Alternativer =&gt; Personvern =&gt; Historikk =&gt; Egendefinerte innstillinger;<\/p>\n<p><strong>Chrome<\/strong>: Innstillinger =&gt; Vis avanserte alternativer =&gt; Personvern =&gt; Innholdsinnstillinger;<\/p>\n<p><strong>Safari<\/strong>: Innstillinger =&gt; Sikkerhet.[\/vc_column_text][vc_empty_space height=&#8221;100px&#8221;][\/vc_column][\/vc_row]<\/p>\n","protected":false},"excerpt":{"rendered":"<p>[vc_row css_animation=&#8221;&#8221; row_type=&#8221;row&#8221; use_row_as_full_screen_section=&#8221;no&#8221; type=&#8221;full_width&#8221; angled_section=&#8221;no&#8221; text_align=&#8221;left&#8221; background_image_as_pattern=&#8221;without_pattern&#8221; z_index=&#8221;&#8221;][vc_column el_id=&#8221;contenido&#8221;][vc_column_text]Denne erkl\u00e6ringen om informasjonskapsler er et supplement til personvernerkl\u00e6ringen for nettstedet veroholidayhomes.com (heretter kalt &#8220;nettstedet&#8221;) som eies av Vero Spain S.L. (heretter kalt &#8220;EIEREN&#8221;). Tilgang til og bruk av nettstedet, eller bruk av dets tjenester, inneb\u00e6rer&#8230;<\/p>\n","protected":false},"author":1,"featured_media":0,"parent":0,"menu_order":0,"comment_status":"closed","ping_status":"closed","template":"","meta":{"_acf_changed":false,"footnotes":""},"class_list":["post-1808","page","type-page","status-publish","hentry"],"acf":[],"yoast_head":"<!-- This site is optimized with the Yoast SEO plugin v27.4 - https:\/\/yoast.com\/product\/yoast-seo-wordpress\/ -->\n<title>Retningslinjer for informasjonskapsler | Vero Holiday Homes<\/title>\n<meta name=\"description\" content=\"Retningslinjer for informasjonskapsler | Vero Holiday Homes\" \/>\n<meta name=\"robots\" content=\"index, follow, max-snippet:-1, max-image-preview:large, max-video-preview:-1\" \/>\n<link rel=\"canonical\" href=\"https:\/\/veroholidayhomes.com\/no\/retningslinjer-for-informasjonskapsler\/\" \/>\n<meta property=\"og:locale\" content=\"nb_NO\" \/>\n<meta property=\"og:type\" content=\"article\" \/>\n<meta property=\"og:title\" content=\"Retningslinjer for informasjonskapsler | Vero Holiday Homes\" \/>\n<meta property=\"og:description\" content=\"Retningslinjer for informasjonskapsler | Vero Holiday Homes\" \/>\n<meta property=\"og:url\" content=\"https:\/\/veroholidayhomes.com\/no\/retningslinjer-for-informasjonskapsler\/\" \/>\n<meta property=\"og:site_name\" content=\"Vero Holiday Homes\" \/>\n<meta property=\"article:modified_time\" content=\"2024-01-06T11:38:14+00:00\" \/>\n<meta name=\"twitter:card\" content=\"summary_large_image\" \/>\n<meta name=\"twitter:label1\" content=\"Ansl. lesetid\" \/>\n\t<meta name=\"twitter:data1\" content=\"3 minutter\" \/>\n<script type=\"application\/ld+json\" class=\"yoast-schema-graph\">{\"@context\":\"https:\\\/\\\/schema.org\",\"@graph\":[{\"@type\":\"WebPage\",\"@id\":\"https:\\\/\\\/veroholidayhomes.com\\\/no\\\/retningslinjer-for-informasjonskapsler\\\/\",\"url\":\"https:\\\/\\\/veroholidayhomes.com\\\/no\\\/retningslinjer-for-informasjonskapsler\\\/\",\"name\":\"Retningslinjer for informasjonskapsler | Vero Holiday Homes\",\"isPartOf\":{\"@id\":\"https:\\\/\\\/veroholidayhomes.com\\\/#website\"},\"datePublished\":\"2024-01-06T11:29:11+00:00\",\"dateModified\":\"2024-01-06T11:38:14+00:00\",\"description\":\"Retningslinjer for informasjonskapsler | Vero Holiday Homes\",\"breadcrumb\":{\"@id\":\"https:\\\/\\\/veroholidayhomes.com\\\/no\\\/retningslinjer-for-informasjonskapsler\\\/#breadcrumb\"},\"inLanguage\":\"nb-NO\",\"potentialAction\":[{\"@type\":\"ReadAction\",\"target\":[\"https:\\\/\\\/veroholidayhomes.com\\\/no\\\/retningslinjer-for-informasjonskapsler\\\/\"]}]},{\"@type\":\"BreadcrumbList\",\"@id\":\"https:\\\/\\\/veroholidayhomes.com\\\/no\\\/retningslinjer-for-informasjonskapsler\\\/#breadcrumb\",\"itemListElement\":[{\"@type\":\"ListItem\",\"position\":1,\"name\":\"Portada\",\"item\":\"https:\\\/\\\/veroholidayhomes.com\\\/no\\\/\"},{\"@type\":\"ListItem\",\"position\":2,\"name\":\"Retningslinjer for informasjonskapsler\"}]},{\"@type\":\"WebSite\",\"@id\":\"https:\\\/\\\/veroholidayhomes.com\\\/#website\",\"url\":\"https:\\\/\\\/veroholidayhomes.com\\\/\",\"name\":\"Vero Holiday Homes\",\"description\":\"Leiligheter for ferieutleie\",\"potentialAction\":[{\"@type\":\"SearchAction\",\"target\":{\"@type\":\"EntryPoint\",\"urlTemplate\":\"https:\\\/\\\/veroholidayhomes.com\\\/?s={search_term_string}\"},\"query-input\":{\"@type\":\"PropertyValueSpecification\",\"valueRequired\":true,\"valueName\":\"search_term_string\"}}],\"inLanguage\":\"nb-NO\"}]}<\/script>\n<!-- \/ Yoast SEO plugin. -->","yoast_head_json":{"title":"Retningslinjer for informasjonskapsler | Vero Holiday Homes","description":"Retningslinjer for informasjonskapsler | Vero Holiday Homes","robots":{"index":"index","follow":"follow","max-snippet":"max-snippet:-1","max-image-preview":"max-image-preview:large","max-video-preview":"max-video-preview:-1"},"canonical":"https:\/\/veroholidayhomes.com\/no\/retningslinjer-for-informasjonskapsler\/","og_locale":"nb_NO","og_type":"article","og_title":"Retningslinjer for informasjonskapsler | Vero Holiday Homes","og_description":"Retningslinjer for informasjonskapsler | Vero Holiday Homes","og_url":"https:\/\/veroholidayhomes.com\/no\/retningslinjer-for-informasjonskapsler\/","og_site_name":"Vero Holiday Homes","article_modified_time":"2024-01-06T11:38:14+00:00","twitter_card":"summary_large_image","twitter_misc":{"Ansl. lesetid":"3 minutter"},"schema":{"@context":"https:\/\/schema.org","@graph":[{"@type":"WebPage","@id":"https:\/\/veroholidayhomes.com\/no\/retningslinjer-for-informasjonskapsler\/","url":"https:\/\/veroholidayhomes.com\/no\/retningslinjer-for-informasjonskapsler\/","name":"Retningslinjer for informasjonskapsler | Vero Holiday Homes","isPartOf":{"@id":"https:\/\/veroholidayhomes.com\/#website"},"datePublished":"2024-01-06T11:29:11+00:00","dateModified":"2024-01-06T11:38:14+00:00","description":"Retningslinjer for informasjonskapsler | Vero Holiday Homes","breadcrumb":{"@id":"https:\/\/veroholidayhomes.com\/no\/retningslinjer-for-informasjonskapsler\/#breadcrumb"},"inLanguage":"nb-NO","potentialAction":[{"@type":"ReadAction","target":["https:\/\/veroholidayhomes.com\/no\/retningslinjer-for-informasjonskapsler\/"]}]},{"@type":"BreadcrumbList","@id":"https:\/\/veroholidayhomes.com\/no\/retningslinjer-for-informasjonskapsler\/#breadcrumb","itemListElement":[{"@type":"ListItem","position":1,"name":"Portada","item":"https:\/\/veroholidayhomes.com\/no\/"},{"@type":"ListItem","position":2,"name":"Retningslinjer for informasjonskapsler"}]},{"@type":"WebSite","@id":"https:\/\/veroholidayhomes.com\/#website","url":"https:\/\/veroholidayhomes.com\/","name":"Vero Holiday Homes","description":"Leiligheter for ferieutleie","potentialAction":[{"@type":"SearchAction","target":{"@type":"EntryPoint","urlTemplate":"https:\/\/veroholidayhomes.com\/?s={search_term_string}"},"query-input":{"@type":"PropertyValueSpecification","valueRequired":true,"valueName":"search_term_string"}}],"inLanguage":"nb-NO"}]}},"_links":{"self":[{"href":"https:\/\/veroholidayhomes.com\/no\/wp-json\/wp\/v2\/pages\/1808","targetHints":{"allow":["GET"]}}],"collection":[{"href":"https:\/\/veroholidayhomes.com\/no\/wp-json\/wp\/v2\/pages"}],"about":[{"href":"https:\/\/veroholidayhomes.com\/no\/wp-json\/wp\/v2\/types\/page"}],"author":[{"embeddable":true,"href":"https:\/\/veroholidayhomes.com\/no\/wp-json\/wp\/v2\/users\/1"}],"replies":[{"embeddable":true,"href":"https:\/\/veroholidayhomes.com\/no\/wp-json\/wp\/v2\/comments?post=1808"}],"version-history":[{"count":5,"href":"https:\/\/veroholidayhomes.com\/no\/wp-json\/wp\/v2\/pages\/1808\/revisions"}],"predecessor-version":[{"id":9042,"href":"https:\/\/veroholidayhomes.com\/no\/wp-json\/wp\/v2\/pages\/1808\/revisions\/9042"}],"wp:attachment":[{"href":"https:\/\/veroholidayhomes.com\/no\/wp-json\/wp\/v2\/media?parent=1808"}],"curies":[{"name":"wp","href":"https:\/\/api.w.org\/{rel}","templated":true}]}}